{"id":220,"date":"2024-11-19T07:41:17","date_gmt":"2024-11-19T06:41:17","guid":{"rendered":"https:\/\/ingencylive.com\/?page_id=220"},"modified":"2025-05-19T17:54:48","modified_gmt":"2025-05-19T15:54:48","slug":"cyberbullismo","status":"publish","type":"page","link":"https:\/\/ingencylive.com\/it\/cyberbullismo\/","title":{"rendered":"Molestie informatiche"},"content":{"rendered":"\t\t<div data-elementor-type=\"wp-page\" data-elementor-id=\"220\" class=\"elementor elementor-220\">\n\t\t\t\t\t\t<section class=\"elementor-section elementor-top-section elementor-element elementor-element-2cbefd67 elementor-section-boxed elementor-section-height-default elementor-section-height-default wpr-particle-no wpr-jarallax-no wpr-parallax-no wpr-sticky-section-no\" data-id=\"2cbefd67\" data-element_type=\"section\">\n\t\t\t\t\t\t<div class=\"elementor-container elementor-column-gap-default\">\n\t\t\t\t\t<div class=\"aux-parallax-section elementor-column elementor-col-100 elementor-top-column elementor-element elementor-element-e3fecc3\" data-id=\"e3fecc3\" data-element_type=\"column\">\n\t\t\t<div class=\"elementor-widget-wrap elementor-element-populated\">\n\t\t\t\t\t\t<div class=\"elementor-element elementor-element-32e410c1 elementor-widget elementor-widget-text-editor\" data-id=\"32e410c1\" data-element_type=\"widget\" data-widget_type=\"text-editor.default\">\n\t\t\t\t<div class=\"elementor-widget-container\">\n\t\t\t\t\t\t\t\t\t\n<p class=\"has-text-align-center has-large-font-size\"><strong>SI VOUS \u00caTES VICTIME<br \/>MESURES PR\u00c9VENTIVES<\/strong><\/p>\n\n<p class=\"has-text-align-center has-large-font-size\">\u00a0<\/p>\n\n<p><strong>NE R\u00c9PONDEZ PAS<\/strong> aux commentaires ou aux messages malveillants.<br \/>Vous risqueriez d\u2019empirer la situation en y montrant de l\u2019int\u00e9r\u00eat<\/p>\n\n<p><strong>PARLEZ-EN \u00c0 UN TIERS DE CONFIANCE<\/strong> (parent, ami, Manageurs Agent Responsable \u2026)<br \/>car il est important de ne pas garder cela pour soi et ne pas rester isol\u00e9.<\/p>\n\n<p><strong>CONSERVEZ LES PREUVES<\/strong> ( captures d\u2019\u00e9cran, messages et<br \/>informations li\u00e9es aux auteurs du cyberharc\u00e8lement) qui pourront<br \/>vous servir pour signaler les faits.<\/p>\n\n<p><strong>SIGNALEZ LES FAITS<\/strong>, CONTENUS OU COMPORTEMENTS ILLICITES AUPR\u00c8S DE NOTRE AGENCE<\/p>\n<p><a href=\"https:\/\/ingencylive.com\/contact\/\" data-type=\"page\" data-id=\"2\">Veuillez Cliquer Ici<\/a><\/p>\n\n<p><strong>SIGNALEZ LES FAITS SUR LA PLATEFORME D\u00c9DI\u00c9E DU MINIST\u00c8RE DE L\u2019INT\u00c9RIEUR <\/strong><br \/>en cas d\u2019injure, de diffamation, de menace, d\u2019incitation \u00e0 la haine, \u00e0 la discrimination, \u00e0 la violence<br \/>ou de mise en danger : <a href=\"https:\/\/internet-signalement.gouv.fr\" data-type=\"link\" data-id=\"nternet-signalement.gouv.fr\" target=\"_blank\" rel=\"noopener\">internet-signalement.gouv.fr<\/a>.<\/p>\n\n<p><strong>D\u00c9POSEZ PLAINTE<\/strong> au commissariat de police ou \u00e0 la brigade de<br \/>gendarmerie ou encore par \u00e9crit au procureur de la R\u00e9publique du<br \/>tribunal judiciaire dont vous d\u00e9pendez.<\/p>\n\n<p><strong>POUR PLUS DE CONSEILS ET D\u2019ASSISTANCE, CONTACTEZ LE<\/strong> 3018<br \/>(service et appel gratuit), ligne nationale d\u2019\u00e9coute et<br \/>de conseil anonyme et confidentielle destin\u00e9e aux personnes<br \/>confront\u00e9es \u00e0 des situations de cyberharc\u00e8lement et qui peut<br \/>\u00e9galement intervenir aupr\u00e8s des r\u00e9seaux sociaux pour faire<br \/>supprimer des contenus pr\u00e9judiciables.<\/p>\n<hr class=\"wp-block-separator has-alpha-channel-opacity is-style-wide\" \/>\n<p class=\"has-text-align-center has-albert-sans-font-family has-large-font-size\" style=\"text-transform: uppercase;\"><strong>SI VOUS \u00caTES Harceleur<\/strong><\/p>\n\n<p>LES INFRACTIONS<br \/>En fonction du cas d\u2019esp\u00e8ce, les infractions suivantes peuvent \u00eatre retenues (en France) :<\/p>\n\n<ul class=\"wp-block-list has-small-font-size\">\n<li>Le cyberharc\u00e8lement est une forme de harc\u00e8lement moral d\u00e9fini par l\u2019article 222-33-2-2 du Code p\u00e9nal.<br \/>Il d\u00e9signe \u00ab le fait de harceler une personne par des propos ou comportements r\u00e9p\u00e9t\u00e9s ayant pour objet<br \/>ou pour effet une d\u00e9gradation de ses conditions de vie se traduisant par une alt\u00e9ration de sa sant\u00e9<br \/>physique ou mentale \u00bb [\u2026] \u00ablorsqu\u2019ils ont \u00e9t\u00e9 commis par l\u2019utilisation d\u2019un service de communication au<br \/>public en ligne ou par le biais d\u2019un support num\u00e9rique ou \u00e9lectronique \u00bb. Le cyberharc\u00e8lement est puni<br \/>de deux ans d\u2019emprisonnement et de 30000 euros d\u2019amende; si la victime est mineur, les peines sont<br \/>de trois ans d\u2019emprisonnement et de 45000 euros d\u2019amende.<br \/>\u00c0 noter que l\u2019infraction est constitu\u00e9e qu\u2019elle soit le fait d\u2019une seule ou d\u2019un groupe de personnes, et,<br \/>dans ce dernier cas, alors m\u00eame que chacune de ces personnes n\u2019a pas agi de fa\u00e7on r\u00e9p\u00e9t\u00e9e.<br \/>Selon la forme et les moyens des agissements de l\u2019auteur ou des auteurs de cyberharc\u00e8lement :<\/li>\n\n<li>L\u2019injure ou la diffamation publique (article 32 de la Loi du 29 juillet 1881): d\u00e9lit passible d\u2019une amende<br \/>de 12000 euros.<\/li>\n\n<li>L\u2019atteinte au droit \u00e0 l\u2019image (articles 226-1, 226-2, 226-2-1 du Code p\u00e9nal): le fait, au moyen d\u2019un proc\u00e9d\u00e9<br \/>quelconque, volontairement de porter atteinte \u00e0 l\u2019intimit\u00e9 de la vie priv\u00e9e d\u2019autrui est puni d\u2019un an<br \/>d\u2019emprisonnement et de 45000 euros d\u2019amende.<br \/>Lorsque les faits sont commis par le conjoint de la victime ou qu\u2019ils pr\u00e9sentent un caract\u00e8re sexuel, les<br \/>peines sont port\u00e9es \u00e0 deux ans d\u2019emprisonnement et \u00e0 60000 euros d\u2019amende.<\/li>\n\n<li>La diffusion de contenu \u00e0 caract\u00e8re pornographique d\u2019un mineur (article 227-23 du Code p\u00e9nal): d\u00e9lit<br \/>passible de 5 ans d\u2019emprisonnement et de 75000 euros d\u2019amende.<\/li>\n\n<li>L\u2019usurpation d\u2019identit\u00e9 (article 226-4-1 du Code p\u00e9nal): le fait d\u2019usurper l\u2019identit\u00e9 d\u2019un tiers ou de faire<br \/>usage d\u2019une ou plusieurs donn\u00e9es de toute nature permettant de l\u2019identifier en vue de troubler sa<br \/>tranquillit\u00e9 ou celle d\u2019autrui, ou de porter atteinte \u00e0 son honneur ou \u00e0 sa consid\u00e9ration, est puni d\u2019un an<br \/>d\u2019emprisonnement et de 15000 euros d\u2019amende.<br \/>Lorsque les faits sont commis par le conjoint de la victime, ils sont punis de deux ans d\u2019emprisonnement<br \/>et de 30000 euros d\u2019amende.<\/li>\n<\/ul>\n\n<p class=\"has-inter-font-family has-medium-font-size\" style=\"text-transform: uppercase;\">Vous pouvez t\u00e9l\u00e9charger ce document gratuitement<\/p>\n\n<div data-wp-interactive=\"core\/file\" class=\"wp-block-file\"><object data-wp-bind--hidden=\"!state.hasPdfPreview\" hidden class=\"wp-block-file__embed\" style=\"width: 100%; height: 600px;\" data=\"https:\/\/ingencylive.com\/wp-content\/uploads\/2024\/11\/230422_FicheReflexe_Cyberharcelement.pdf\" type=\"application\/pdf\" width=\"300\" height=\"150\" aria-label=\"Incorporamento di 230422_FicheReflexe_Cyberharcelement.\"><\/object><a id=\"wp-block-file--media-46218da8-db56-40df-ab69-b3fa53497194\" href=\"https:\/\/ingencylive.com\/wp-content\/uploads\/2024\/11\/230422_FicheReflexe_Cyberharcelement.pdf\">230422_FicheReflexe_Cyberharcelement<\/a><a class=\"wp-block-file__button wp-element-button\" href=\"https:\/\/ingencylive.com\/wp-content\/uploads\/2024\/11\/230422_FicheReflexe_Cyberharcelement.pdf\" download=\"\" aria-describedby=\"wp-block-file--media-46218da8-db56-40df-ab69-b3fa53497194\">T\u00e9l\u00e9charger<\/a><\/div>\n\t\t\t\t\t\t\t\t<\/div>\n\t\t\t\t<\/div>\n\t\t\t\t\t<\/div>\n\t\t<\/div>\n\t\t\t\t\t<\/div>\n\t\t<\/section>\n\t\t\t\t<\/div>\n\t\t","protected":false},"excerpt":{"rendered":"<p>SI VOUS \u00caTES VICTIMEMESURES PR\u00c9VENTIVES \u00a0 NE R\u00c9PONDEZ PAS aux commentaires ou aux messages malveillants.Vous risqueriez d\u2019empirer la situation en y montrant de l\u2019int\u00e9r\u00eat PARLEZ-EN \u00c0 UN TIERS DE CONFIANCE (parent, ami, Manageurs Agent Responsable \u2026)car il est important de ne pas garder cela pour soi et ne pas rester isol\u00e9. CONSERVEZ LES PREUVES ( captures d\u2019\u00e9cran, messages etinformations li\u00e9es aux auteurs du cyberharc\u00e8lement) qui pourrontvous servir pour signaler les faits. SIGNALEZ LES FAITS, CONTENUS OU COMPORTEMENTS ILLICITES AUPR\u00c8S DE NOTRE AGENCE Veuillez Cliquer Ici SIGNALEZ LES FAITS SUR LA PLATEFORME D\u00c9DI\u00c9E DU MINIST\u00c8RE DE L\u2019INT\u00c9RIEUR en cas d\u2019injure, de diffamation, de menace, d\u2019incitation \u00e0 la haine, \u00e0 la discrimination, \u00e0 la violenceou de mise en danger : internet-signalement.gouv.fr. D\u00c9POSEZ PLAINTE au commissariat de police ou \u00e0 la brigade degendarmerie ou encore par \u00e9crit au procureur de la R\u00e9publique dutribunal judiciaire dont vous d\u00e9pendez. POUR PLUS DE CONSEILS ET D\u2019ASSISTANCE, CONTACTEZ LE 3018(service et appel gratuit), ligne nationale d\u2019\u00e9coute etde conseil anonyme et confidentielle destin\u00e9e aux personnesconfront\u00e9es \u00e0 des situations de cyberharc\u00e8lement et qui peut\u00e9galement intervenir aupr\u00e8s des r\u00e9seaux sociaux pour fairesupprimer des contenus pr\u00e9judiciables. SI VOUS \u00caTES Harceleur LES INFRACTIONSEn fonction du cas d\u2019esp\u00e8ce, les infractions suivantes peuvent \u00eatre retenues (en France) : Vous pouvez t\u00e9l\u00e9charger ce document gratuitement<\/p>","protected":false},"author":1,"featured_media":0,"parent":0,"menu_order":0,"comment_status":"closed","ping_status":"closed","template":"","meta":{"footnotes":""},"class_list":["post-220","page","type-page","status-publish","hentry"],"_links":{"self":[{"href":"https:\/\/ingencylive.com\/it\/wp-json\/wp\/v2\/pages\/220","targetHints":{"allow":["GET"]}}],"collection":[{"href":"https:\/\/ingencylive.com\/it\/wp-json\/wp\/v2\/pages"}],"about":[{"href":"https:\/\/ingencylive.com\/it\/wp-json\/wp\/v2\/types\/page"}],"author":[{"embeddable":true,"href":"https:\/\/ingencylive.com\/it\/wp-json\/wp\/v2\/users\/1"}],"replies":[{"embeddable":true,"href":"https:\/\/ingencylive.com\/it\/wp-json\/wp\/v2\/comments?post=220"}],"version-history":[{"count":19,"href":"https:\/\/ingencylive.com\/it\/wp-json\/wp\/v2\/pages\/220\/revisions"}],"predecessor-version":[{"id":1536,"href":"https:\/\/ingencylive.com\/it\/wp-json\/wp\/v2\/pages\/220\/revisions\/1536"}],"wp:attachment":[{"href":"https:\/\/ingencylive.com\/it\/wp-json\/wp\/v2\/media?parent=220"}],"curies":[{"name":"wp","href":"https:\/\/api.w.org\/{rel}","templated":true}]}}