{"id":1091,"date":"2025-03-21T19:06:48","date_gmt":"2025-03-21T18:06:48","guid":{"rendered":"https:\/\/ingencylive.com\/?page_id=1091"},"modified":"2025-05-22T12:38:56","modified_gmt":"2025-05-22T10:38:56","slug":"faq","status":"publish","type":"page","link":"https:\/\/ingencylive.com\/it\/faq\/","title":{"rendered":"FAQ"},"content":{"rendered":"<div data-elementor-type=\"wp-page\" data-elementor-id=\"1091\" class=\"elementor elementor-1091\">\n\t\t\t\t\t\t<section class=\"elementor-section elementor-top-section elementor-element elementor-element-06061d5 elementor-section-full_width elementor-section-height-default elementor-section-height-default wpr-particle-no wpr-jarallax-no wpr-parallax-no wpr-sticky-section-no\" data-id=\"06061d5\" data-element_type=\"section\">\n\t\t\t\t\t\t<div class=\"elementor-container elementor-column-gap-default\">\n\t\t\t\t\t<div class=\"aux-parallax-section elementor-column elementor-col-100 elementor-top-column elementor-element elementor-element-fa839ba\" data-id=\"fa839ba\" data-element_type=\"column\">\n\t\t\t<div class=\"elementor-widget-wrap elementor-element-populated\">\n\t\t\t\t\t\t<div class=\"elementor-element elementor-element-5bed969 aux-appear-watch-animation aux-fade-in-up elementor-widget elementor-widget-aux_modern_heading\" data-id=\"5bed969\" data-element_type=\"widget\" data-widget_type=\"aux_modern_heading.default\">\n\t\t\t\t<div class=\"elementor-widget-container\">\n\t\t\t\t\t<section class=\"aux-widget-modern-heading\">\n            <div class=\"aux-widget-inner\"><h1 class=\"aux-modern-heading-primary\">Domande frequenti<\/h1><\/div>\n        <\/section>\t\t\t\t<\/div>\n\t\t\t\t<\/div>\n\t\t\t\t<div class=\"elementor-element elementor-element-cdfce3c elementor-widget elementor-widget-aux_faq\" data-id=\"cdfce3c\" data-element_type=\"widget\" data-widget_type=\"aux_faq.default\">\n\t\t\t\t<div class=\"elementor-widget-container\">\n\t\t\t\t\t<section class=\"widget-container aux-widget-faq aux-widget-accordion aux-parent-aue516e68f\" style=\"\" ><div class=\"aux-isotope-filters aux-filters aux-overlay aux-underline-anim aux-center aux-togglable\"><div class=\"aux-select-overlay\"><\/div><ul><li class=\"aux-active-item\" data-filter=\"all\"><a href=\"#\"><span data-select=\"all\">all<\/span><\/a><\/li><li data-filter=\"conditions-avantages-createur\"><a href=\"#\"><span data-select=\"Conditions et avantages pour le cr\u00e9ateur\">Condizioni e vantaggi per il creatore<\/span><\/a><\/li><li data-filter=\"informations-generales\"><a href=\"#\"><span data-select=\"Informations g\u00e9n\u00e9rales\">Informazioni generali<\/span><\/a><\/li><li data-filter=\"abonnement-flexibilite\"><a href=\"#\"><span data-select=\"Tarifs et flexibilit\u00e9\">Tariffe e flessibilit\u00e0<\/span><\/a><\/li><\/ul><\/div><div id=\"69ebde3f7511d\" data-element-id=\"aue516e68f\" class=\"aux-isotope-faq aux-isotope-animated widget-toggle aux-accordion-plus-indicator\" data-lazyload=\"true\" data-space=\"0\" data-pagination=\"true\" data-deeplink=\"false\" data-slug=\"\" data-perpage=\"10\" data-reveal-transition-duration=\"600\" data-reveal-between-delay=\"70\" data-hide-transition-duration=\"600\" data-hide-between-delay=\"70\"> <div class=\"aux-items-loading\"><div class=\"aux-loading-loop\"><svg class=\"aux-circle\" width=\"100%\" height=\"100%\" viewbox=\"0 0 42 42\"><circle class=\"aux-stroke-bg\" r=\"20\" cx=\"21\" cy=\"21\" fill=\"none\"><\/circle><circle class=\"aux-progress\" r=\"20\" cx=\"21\" cy=\"21\" fill=\"none\" transform=\"rotate(-90 21 21)\"><\/circle><\/svg><\/div><\/div><div class=\"aux-faq-item aux-iso-item aux-loading informations-generales\"><h4 class=\"aux-faq-item-header toggle-header\">Dove trovare il codice agenzia?<span class=\"aux-accordion-indicator\"><\/span><\/h4><div class=\"aux-faq-item-content toggle-content\"><p>Ottienlo cliccando su Codice agenzia o su TikTok &gt; Strumenti per i creatori &gt; Centro LIVE &gt; Centro agenzia.<\/p>\n<\/div><div class=\"clear\"><\/div><\/div><div class=\"aux-faq-item aux-iso-item aux-loading informations-generales\"><h4 class=\"aux-faq-item-header toggle-header\">Che cos'\u00e8 il \u201ccodice agenzia\u201d?<span class=\"aux-accordion-indicator\"><\/span><\/h4><div class=\"aux-faq-item-content toggle-content\"><p>Il codice agenzia \u00e8 un codice di 6 caratteri generato da TikTok che consente di comunicare a TikTok che desideri essere gestito dalla nostra agenzia. Forniamo questo codice a TikTok, che provveder\u00e0 a convalidare il tuo profilo.<\/p>\n<\/div><div class=\"clear\"><\/div><\/div><div class=\"aux-faq-item aux-iso-item aux-loading abonnement-flexibilite\"><h4 class=\"aux-faq-item-header toggle-header\">Se cambio idea, sono bloccato?<span class=\"aux-accordion-indicator\"><\/span><\/h4><div class=\"aux-faq-item-content toggle-content\"><p>No, hai il diritto di andartene. Puoi lasciare il programma in qualsiasi momento, se lo desideri (potrebbe essere necessario attendere alcuni giorni tra la richiesta di uscita dall'agenzia e la possibilit\u00e0 di unirsi a una nuova agenzia, in base alle condizioni definite dal programma TikTok LIVE).<\/p>\n<\/div><div class=\"clear\"><\/div><\/div><div class=\"aux-faq-item aux-iso-item aux-loading conditions-avantages-createur\"><h4 class=\"aux-faq-item-header toggle-header\">Quali sono gli obblighi per il creatore?<span class=\"aux-accordion-indicator\"><\/span><\/h4><div class=\"aux-faq-item-content toggle-content\"><p>Fai regolarmente dei LIVE su TikTok, goditi l'atmosfera e amplia la tua community.<\/p>\n<\/div><div class=\"clear\"><\/div><\/div><div class=\"aux-faq-item aux-iso-item aux-loading abonnement-flexibilite\"><h4 class=\"aux-faq-item-header toggle-header\">\u00c8 a pagamento?<span class=\"aux-accordion-indicator\"><\/span><\/h4><div class=\"aux-faq-item-content toggle-content\"><p>No, non esiste alcun rapporto finanziario tra Ingency e i creatori. Questi ultimi conservano il 100% dei propri guadagni e il 100% dei diritti sul proprio account.<\/p>\n<\/div><div class=\"clear\"><\/div><\/div><div class=\"aux-faq-item aux-iso-item aux-loading conditions-avantages-createur\"><h4 class=\"aux-faq-item-header toggle-header\">Qual \u00e8 il vantaggio per il creatore?<span class=\"aux-accordion-indicator\"><\/span><\/h4><div class=\"aux-faq-item-content toggle-content\"><p>\u2013 Crescere e monetizzare meglio con un supporto dedicato.<\/p>\n<p>\u2013 Avere un agente dedicato e specializzato nel vostro settore.<\/p>\n<p>\u2013 Implementazione di strategie e concetti.<\/p>\n<p>\u2013 Possibilit\u00e0 di essere invitati a eventi organizzati dall'Agenzia o da TikTok.<\/p>\n<\/div><div class=\"clear\"><\/div><\/div><\/div><\/section><!-- widget-container -->\t\t\t\t<\/div>\n\t\t\t\t<\/div>\n\t\t\t\t\t<\/div>\n\t\t<\/div>\n\t\t\t\t\t<\/div>\n\t\t<\/section>\n\t\t\t\t<\/div>","protected":false},"excerpt":{"rendered":"<p>Questions fr\u00e9quentes all Conditions et avantages pour le cr\u00e9ateur Informations g\u00e9n\u00e9rales Tarifs et flexibilit\u00e9 O\u00f9 trouver le code agence ? Obtiens-le en cliquant sur Code Agence ou dans TikTok &gt; Outils pour les cr\u00e9ateurs &gt; Centre LIVE &gt; Centre d&rsquo;agence. C&rsquo;est quoi le \u00ab\u00a0code agence\u00a0\u00bb ? Le code agence, est un code \u00e0 6 caract\u00e8res, g\u00e9n\u00e9r\u00e9 par TikTok, qui permet d&rsquo;informer TikTok que tu souhaites \u00eatre manag\u00e9 par notre agence. Nous fournissons ce code \u00e0 TikTok qui valide ensuite ton profil. Suis-je bloqu\u00e9 si je change d&rsquo;avis ? Non, tu as le droit de partir. Tu peux \u00e0 tout moment quitter le programme si tu le souhaites (un d\u00e9lai de plusieurs jours peut s&rsquo;appliquer entre la demande de d\u00e9part de l&rsquo;agence et la possibilit\u00e9 de rejoindre une nouvelle agence selon les conditions d\u00e9finies par le programme TikTok LIVE). Quelles sont les obligations pour le cr\u00e9ateur ? Faire des LIVES r\u00e9guli\u00e8rement sur TikTok, profitez de l&rsquo;ambiance et \u00e9tendre sa communaut\u00e9. Est-ce que c&rsquo;est payant ? Non, il n&rsquo;existe pas de rapport financier entre Ingency et les cr\u00e9ateurs. Ces derniers conservent 100% de leurs revenus ainsi que 100% des droits de leur compte. Quel est l&rsquo;int\u00e9r\u00eat pour le cr\u00e9ateur ? &#8211; Se d\u00e9velopper et mieux mon\u00e9tiser en \u00e9tant accompagn\u00e9. &#8211; Avoir un agent attitr\u00e9 et sp\u00e9cialis\u00e9 dans votre domaine. &#8211; Mise en place de strat\u00e9gies et concepts. &#8211; Pouvoir \u00eatre invit\u00e9 \u00e0 des \u00e9v\u00e8nements organis\u00e9s par l&rsquo;Agence ou TikTok.<\/p>","protected":false},"author":1,"featured_media":0,"parent":0,"menu_order":0,"comment_status":"closed","ping_status":"closed","template":"","meta":{"footnotes":""},"class_list":["post-1091","page","type-page","status-publish","hentry"],"_links":{"self":[{"href":"https:\/\/ingencylive.com\/it\/wp-json\/wp\/v2\/pages\/1091","targetHints":{"allow":["GET"]}}],"collection":[{"href":"https:\/\/ingencylive.com\/it\/wp-json\/wp\/v2\/pages"}],"about":[{"href":"https:\/\/ingencylive.com\/it\/wp-json\/wp\/v2\/types\/page"}],"author":[{"embeddable":true,"href":"https:\/\/ingencylive.com\/it\/wp-json\/wp\/v2\/users\/1"}],"replies":[{"embeddable":true,"href":"https:\/\/ingencylive.com\/it\/wp-json\/wp\/v2\/comments?post=1091"}],"version-history":[{"count":46,"href":"https:\/\/ingencylive.com\/it\/wp-json\/wp\/v2\/pages\/1091\/revisions"}],"predecessor-version":[{"id":1505,"href":"https:\/\/ingencylive.com\/it\/wp-json\/wp\/v2\/pages\/1091\/revisions\/1505"}],"wp:attachment":[{"href":"https:\/\/ingencylive.com\/it\/wp-json\/wp\/v2\/media?parent=1091"}],"curies":[{"name":"wp","href":"https:\/\/api.w.org\/{rel}","templated":true}]}}