{"id":1298,"date":"2025-03-27T16:39:48","date_gmt":"2025-03-27T15:39:48","guid":{"rendered":"https:\/\/ingencylive.com\/?page_id=1298"},"modified":"2025-05-19T12:08:56","modified_gmt":"2025-05-19T10:08:56","slug":"mentions-legales","status":"publish","type":"page","link":"https:\/\/ingencylive.com\/es\/mentions-legales\/","title":{"rendered":"Mentions l\u00e9gales"},"content":{"rendered":"<div data-elementor-type=\"wp-page\" data-elementor-id=\"1298\" class=\"elementor elementor-1298\">\n\t\t\t\t\t\t<section class=\"elementor-section elementor-top-section elementor-element elementor-element-974699d elementor-section-boxed elementor-section-height-default elementor-section-height-default wpr-particle-no wpr-jarallax-no wpr-parallax-no wpr-sticky-section-no\" data-id=\"974699d\" data-element_type=\"section\">\n\t\t\t\t\t\t<div class=\"elementor-container elementor-column-gap-default\">\n\t\t\t\t\t<div class=\"aux-parallax-section elementor-column elementor-col-100 elementor-top-column elementor-element elementor-element-c906690\" data-id=\"c906690\" data-element_type=\"column\">\n\t\t\t<div class=\"elementor-widget-wrap elementor-element-populated\">\n\t\t\t\t\t\t<div class=\"elementor-element elementor-element-5c501d0 elementor-widget elementor-widget-text-editor\" data-id=\"5c501d0\" data-element_type=\"widget\" data-widget_type=\"text-editor.default\">\n\t\t\t\t<div class=\"elementor-widget-container\">\n\t\t\t\t\t\t\t\t\t<h2 class=\"font_0 wixui-rich-text__text\"><span class=\"wixui-rich-text__text\">Aviso legal \u2013 RGPD<\/span><\/h2><div id=\"bgLayers_comp-lsbseeff\" class=\"MW5IWV\" data-hook=\"bgLayers\" data-motion-part=\"BG_LAYER comp-lsbseeff\"><div id=\"bgMedia_comp-lsbseeff\" class=\"VgO9Yg\" data-motion-part=\"BG_MEDIA comp-lsbseeff\">\u00a0<\/div><\/div><div class=\"\" data-mesh-id=\"comp-lsbseeffinlineContent\" data-testid=\"inline-content\"><div data-mesh-id=\"comp-lsbseeffinlineContent-gridContainer\" data-testid=\"mesh-container-content\"><div id=\"comp-lsbseefg\" class=\"HcOXKn c9GqVL QxJLC3 lq2cno YQcXTT comp-lsbseefg wixui-rich-text\" data-testid=\"richTextElement\"><p class=\"font_8 wixui-rich-text__text\"><strong><span class=\"wixui-rich-text__text\">Editor<\/span><\/strong><\/p><p class=\"font_8 wixui-rich-text__text\"><span class=\"wixui-rich-text__text\">Actualmente est\u00e1 conectado al sitio web oficial de la empresa INGENCY GROUP para Francia, B\u00e9lgica, Italia, Espa\u00f1a, Suiza, Luxemburgo y Oriente Medio.<\/span><\/p><p class=\"font_8 wixui-rich-text__text\"><span class=\"wixui-rich-text__text\">El presente sitio web es propiedad de la empresa INGENCY GROUP, sociedad de capital simplificado con un capital social de 1000 euros, inscrita en el Registro Mercantil de Par\u00eds con el n\u00famero RCS 953 290 830, con domicilio social en:\u00a0<\/span><\/p><p class=\"font_8 wixui-rich-text__text\"><span class=\"wixui-rich-text__text\">15 rue des Halles<br class=\"wixui-rich-text__text\" \/>75001 PARIS 1er<\/span><\/p><p class=\"font_8 wixui-rich-text__text\"><span class=\"wixGuard wixui-rich-text__text\">\u200b<\/span><\/p><p class=\"font_8 wixui-rich-text__text\"><span class=\"wixui-rich-text__text\">No se tendr\u00e1 en cuenta ninguna reclamaci\u00f3n, declaraci\u00f3n o solicitud de asesoramiento enviada por correo electr\u00f3nico. Le rogamos que env\u00ede sus solicitudes exclusivamente por correo postal.<\/span><\/p><p class=\"font_8 wixui-rich-text__text\"><span class=\"wixui-rich-text__text\"><span class=\"wixGuard wixui-rich-text__text\">\u200b<\/span><\/span><\/p><p class=\"font_8 wixui-rich-text__text\"><strong><span class=\"wixui-rich-text__text\">Acceso al sitio web<\/span><\/strong><\/p><p class=\"font_8 wixui-rich-text__text\"><span class=\"wixui-rich-text__text\">El usuario de este sitio web reconoce disponer de la competencia y los medios necesarios para utilizar y acceder a este sitio web, y haber comprobado que la configuraci\u00f3n inform\u00e1tica utilizada no contiene virus y que funciona correctamente.<\/span><\/p><p class=\"font_8 wixui-rich-text__text\"><span class=\"wixui-rich-text__text\">El usuario reconoce haber sido informado de que el presente sitio web est\u00e1 accesible las 24 horas del d\u00eda, los 7 d\u00edas de la semana, salvo en casos de fuerza mayor, dificultades inform\u00e1ticas, dificultades relacionadas con la estructura de las redes de comunicaci\u00f3n o dificultades t\u00e9cnicas.<\/span><\/p><p class=\"font_8 wixui-rich-text__text\"><strong><span class=\"wixui-rich-text__text\">Protecci\u00f3n de datos personales en el sitio web<\/span><\/strong><\/p><p class=\"font_8 wixui-rich-text__text\"><span class=\"wixui-rich-text__text\">Mensajer\u00eda:\u00a0<br class=\"wixui-rich-text__text\" \/>Los mensajes enviados a trav\u00e9s de Internet pueden ser interceptados. No divulgue informaci\u00f3n personal innecesaria o sensible. Si desea comunicarnos este tipo de informaci\u00f3n, utilice obligatoriamente el correo postal.<\/span><\/p><p class=\"font_8 wixui-rich-text__text\"><span class=\"wixui-rich-text__text\">Uso de los formularios:<br class=\"wixui-rich-text__text\" \/>El usuario queda informado, de conformidad con el art\u00edculo 27 de la Ley francesa de protecci\u00f3n de datos, archivos y libertades, de 6 de enero de 1978, de que los datos que facilite al responder, si as\u00ed lo desea, a los formularios presentes en el sitio web permitir\u00e1n responder a su solicitud y se destinar\u00e1n a INGENCY GROUP, responsable del tratamiento, con fines administrativos y comerciales, as\u00ed como, salvo que se oponga a ello, a otras empresas del grupo o a empresas asociadas a INGENCY GROUP, que podr\u00e1n ponerse en contacto con \u00e9l o enviarle sus ofertas.<\/span><\/p><p class=\"font_8 wixui-rich-text__text\"><span class=\"wixui-rich-text__text\"><span class=\"wixGuard wixui-rich-text__text\">\u200b<\/span><\/span><\/p><p class=\"font_8 wixui-rich-text__text\"><span class=\"wixui-rich-text__text\">Si el usuario no desea recibir informaci\u00f3n u ofertas de INGENCY GROUP, otras empresas del grupo o empresas asociadas, o si desea ejercer su derecho de acceso, cancelaci\u00f3n y rectificaci\u00f3n de los datos personales que le conciernen, puede escribir a:\u00a0<\/span><\/p><p class=\"font_8 wixui-rich-text__text\"><span class=\"wixui-rich-text__text\">INGENCY GROUP<\/span><\/p><p class=\"font_8 wixui-rich-text__text\"><span class=\"wixui-rich-text__text\">15 rue des Halles<br class=\"wixui-rich-text__text\" \/>75001 PARIS 1er<\/span><\/p><p class=\"font_8 wixui-rich-text__text\"><span class=\"wixui-rich-text__text\"><span class=\"wixGuard wixui-rich-text__text\">\u200b<\/span><\/span><span class=\"wixui-rich-text__text\">o por correo electr\u00f3nico a:\u00a0<a class=\"wixui-rich-text__text\" href=\"mailto:contact@ingencylive.com\" target=\"_self\">contact@ingencylive.com<\/a><\/span><\/p><p class=\"font_8 wixui-rich-text__text\"><span class=\"wixui-rich-text__text\"><span class=\"wixGuard wixui-rich-text__text\">\u200b<\/span><\/span><\/p><p class=\"font_8 wixui-rich-text__text\"><span class=\"wixui-rich-text__text\">Informaci\u00f3n personal difundida en el sitio web:<br class=\"wixui-rich-text__text\" \/>Se ha informado a las personas afectadas de sus derechos. El derecho de acceso es inmediato en el sitio web. El derecho de rectificaci\u00f3n se ejerce ante INGENCY GROUP.<\/span><\/p><p class=\"font_8 wixui-rich-text__text\"><strong><span class=\"wixui-rich-text__text\">Derechos de autor \u2013 Copyright<\/span><\/strong><\/p><p class=\"font_8 wixui-rich-text__text\"><span class=\"wixui-rich-text__text\">El usuario de este sitio web est\u00e1 obligado a respetar las disposiciones de la ley relativa a la inform\u00e1tica, los archivos y las libertades, cuya violaci\u00f3n est\u00e1 sujeta a sanciones penales.<\/span><\/p><p class=\"font_8 wixui-rich-text__text\"><span class=\"wixui-rich-text__text\">En particular, deber\u00e1 abstenerse, en lo que respecta a la informaci\u00f3n nominativa a la que tenga acceso, de cualquier recopilaci\u00f3n, uso indebido y, en general, de cualquier acto que pueda atentar contra la privacidad o la reputaci\u00f3n de las personas.<\/span><\/p><p class=\"font_8 wixui-rich-text__text\"><span class=\"wixui-rich-text__text\">La estructura general, as\u00ed como los programas inform\u00e1ticos, los textos, las im\u00e1genes animadas o no, su saber hacer, los documentos descargables, las representaciones iconogr\u00e1ficas y fotogr\u00e1ficas, y todos los dem\u00e1s elementos que componen el sitio web son propiedad exclusiva de INGENCY GROUP.<\/span><\/p><p class=\"font_8 wixui-rich-text__text\"><span class=\"wixui-rich-text__text\">Queda prohibida cualquier representaci\u00f3n total o parcial de este sitio web por cualquier medio sin la autorizaci\u00f3n expresa de INGENCY GROUP, lo cual constituir\u00eda una infracci\u00f3n sancionada por los art\u00edculos L.335-2 y siguientes del C\u00f3digo de la Propiedad Intelectual.<\/span><\/p><p class=\"font_8 wixui-rich-text__text\"><span class=\"wixui-rich-text__text\">Lo mismo se aplica a las bases de datos que figuran en el sitio web, que est\u00e1n protegidas por las disposiciones de la ley del 1 de julio de 1998 por la que se transpone al C\u00f3digo de la Propiedad Intelectual la Directiva europea del 11 de marzo de 1996 relativa a la protecci\u00f3n jur\u00eddica de las bases de datos.<\/span><\/p><p class=\"font_8 wixui-rich-text__text\"><span class=\"wixui-rich-text__text\">Por lo tanto, queda prohibida cualquier reproducci\u00f3n total o parcial de estas marcas o logotipos, realizada a partir de elementos del sitio web sin la autorizaci\u00f3n expresa de INGENCY GROUP, en virtud del art\u00edculo L.713-2 del C\u00f3digo de la Propiedad Intelectual.<\/span><\/p><p class=\"font_8 wixui-rich-text__text\"><span class=\"wixGuard wixui-rich-text__text\">\u200b<\/span><\/p><p class=\"font_8 wixui-rich-text__text\"><span class=\"wixui-rich-text__text\">INGENCY GROUP hace todo lo posible por ofrecer a los usuarios informaci\u00f3n y\/o herramientas disponibles y verificadas, pero no se hace responsable de los errores, la falta de disponibilidad de la informaci\u00f3n y\/o la presencia de virus en su sitio web.<\/span><\/p><\/div><\/div><\/div>\t\t\t\t\t\t\t\t<\/div>\n\t\t\t\t<\/div>\n\t\t\t\t\t<\/div>\n\t\t<\/div>\n\t\t\t\t\t<\/div>\n\t\t<\/section>\n\t\t\t\t<\/div>","protected":false},"excerpt":{"rendered":"<p>Mentions l\u00e9gales &#8211; RGPD \u00a0 \u00c9diteur Vous \u00eates actuellement connect\u00e9 au site web officiel de la soci\u00e9t\u00e9 INGENCY GROUP pour la France, Belgique, Italie, Espagne, Suisse, Luxembourg et Moyen Orient. Le pr\u00e9sent site est la propri\u00e9t\u00e9 de la soci\u00e9t\u00e9 INGENCY GROUP, Soci\u00e9t\u00e9 \u00e0 Actions Simplifi\u00e9es au capital social de 1 000 \u20acuros, inscrite au registre du commerce et des soci\u00e9t\u00e9s de Paris sous le num\u00e9ro RCS 953 290 830 dont le si\u00e8ge social est situ\u00e9 :\u00a0 15 rue des Halles75001 PARIS 1er \u200b Aucune plainte, d\u00e9claration ou demande de conseil transmise par message internet ne sera prise en compte. Veuillez formuler vos demandes exclusivement par voie postale. \u200b Acc\u00e8s au site internet L\u2019utilisateur du pr\u00e9sent site reconna\u00eet disposer de la comp\u00e9tence et des moyens n\u00e9cessaires pour utiliser et acc\u00e9der \u00e0 ce site et avoir v\u00e9rifi\u00e9 que la configuration informatique utilis\u00e9e ne contient aucun virus et qu\u2019elle est en parfait \u00e9tat de fonctionnement. L\u2019utilisateur reconna\u00eet avoir \u00e9t\u00e9 inform\u00e9 que le pr\u00e9sent site est accessible 24 heures sur 24 et 7 jours sur 7, \u00e0 l\u2019exception des cas de force majeure, difficult\u00e9s informatiques, difficult\u00e9s li\u00e9es \u00e0 la structure des r\u00e9seaux de communications ou difficult\u00e9s techniques. La protection des donn\u00e9es personnelles sur le site Messagerie :\u00a0Les messages envoy\u00e9s sur le r\u00e9seau internet peuvent \u00eatre intercept\u00e9s. Ne divulguez pas d\u2019informations personnelles inutiles ou sensibles. Si vous souhaitez nous communiquer de telles informations, utilisez imp\u00e9rativement la voie postale. Utilisation des formulaires :L\u2019utilisateur est notamment inform\u00e9, conform\u00e9ment \u00e0 l\u2019article 27 de la loi Informatique, fichiers et libert\u00e9s du 6 janvier 1978, que les informations qu\u2019il communique en r\u00e9pondant s\u2019il le souhaite aux formulaires pr\u00e9sents sur le site permettent de r\u00e9pondre \u00e0 sa demande, et sont destin\u00e9es \u00e0 INGENCY GROUP, responsable du traitement, \u00e0 des fins de gestion administrative et commerciale ainsi que, sauf opposition de sa part, aux autres soci\u00e9t\u00e9s du groupe ou aux soci\u00e9t\u00e9s partenaires de INGENCY GROUP, qui pourront ainsi le contacter ou lui adresser leurs offres. \u200b Si l\u2019utilisateur ne souhaite pas recevoir des informations ou des offres de INGENCY GROUP, d\u2019autres soci\u00e9t\u00e9s du groupe ou de soci\u00e9t\u00e9s partenaires, ou s\u2019il veut disposer d\u2019un droit d\u2019acc\u00e8s, de radiation et de rectification sur les donn\u00e9es personnelles le concernant , il peut \u00e9crire \u00e0 :\u00a0 INGENCY GROUP 15 rue des Halles75001 PARIS 1er \u200bou par mail \u00e0 :\u00a0contact@ingencylive.com \u200b Informations nominatives diffus\u00e9es sur le site:Les personnes concern\u00e9es ont \u00e9t\u00e9 inform\u00e9es de leurs droits. Le droit d\u2019acc\u00e8s est imm\u00e9diat sur le site. Le droit de rectification s\u2019exerce aupr\u00e8s de INGENCY GROUP. Droit d\u2019auteur \u2013 Copyright L\u2019utilisateur du pr\u00e9sent site est tenu de respecter les dispositions de la loi relative \u00e0 l\u2019Informatique, aux fichiers et aux libert\u00e9s, dont la violation est passible de sanctions p\u00e9nales. Il doit notamment s\u2019abstenir, s\u2019agissant des informations nominatives auxquelles il acc\u00e8de, de toute collecte, de toute utilisation d\u00e9tourn\u00e9e, et d\u2019une mani\u00e8re g\u00e9n\u00e9rale, de tout acte susceptible de porter atteinte \u00e0 la vie priv\u00e9e ou \u00e0 la r\u00e9putation des personnes. La structure g\u00e9n\u00e9rale, ainsi que les logiciels, textes, images anim\u00e9es ou non, son savoir faire, documents t\u00e9l\u00e9chargeables, les repr\u00e9sentations iconographiques et photographiques, et tous autres \u00e9l\u00e9ments composants le site sont la propri\u00e9t\u00e9 exclusive de INGENCY GROUP. Toute repr\u00e9sentation totale ou partielle de ce site par quelque proc\u00e9d\u00e9 que ce soit, sans l\u2019autorisation expresse de INGENCY GROUP est interdite et constituerait une contrefa\u00e7on sanctionn\u00e9e par les articles L.335-2 et suivants du Code de la propri\u00e9t\u00e9 intellectuelle. Il en est de m\u00eame des bases de donn\u00e9es figurant sur le site web, qui sont prot\u00e9g\u00e9es par les dispositions de la loi du 1er juillet 1998 portant transposition dans le Code de la propri\u00e9t\u00e9 intellectuelle de la directive europ\u00e9enne du 11 mars 1996 relative \u00e0 la protection juridique des bases de donn\u00e9es. Toute reproduction totale ou partielle de ces marques ou de ces logos, effectu\u00e9e \u00e0 partir des \u00e9l\u00e9ments du site sans l\u2019autorisation expresse de INGENCY GROUP est donc prohib\u00e9e, au sens de l\u2019article L.713-2 du Code de la propri\u00e9t\u00e9 intellectuelle. \u200b INGENCY GROUP met tout en \u0153uvre pour offrir aux utilisateurs des informations et\/ou des outils disponibles et v\u00e9rifi\u00e9s, mais ne saurait \u00eatre tenue pour responsable des erreurs, d\u2019une absence de disponibilit\u00e9 des informations et\/ou de la pr\u00e9sence de virus sur son site.<\/p>","protected":false},"author":1,"featured_media":0,"parent":0,"menu_order":0,"comment_status":"closed","ping_status":"closed","template":"","meta":{"footnotes":""},"class_list":["post-1298","page","type-page","status-publish","hentry"],"_links":{"self":[{"href":"https:\/\/ingencylive.com\/es\/wp-json\/wp\/v2\/pages\/1298","targetHints":{"allow":["GET"]}}],"collection":[{"href":"https:\/\/ingencylive.com\/es\/wp-json\/wp\/v2\/pages"}],"about":[{"href":"https:\/\/ingencylive.com\/es\/wp-json\/wp\/v2\/types\/page"}],"author":[{"embeddable":true,"href":"https:\/\/ingencylive.com\/es\/wp-json\/wp\/v2\/users\/1"}],"replies":[{"embeddable":true,"href":"https:\/\/ingencylive.com\/es\/wp-json\/wp\/v2\/comments?post=1298"}],"version-history":[{"count":11,"href":"https:\/\/ingencylive.com\/es\/wp-json\/wp\/v2\/pages\/1298\/revisions"}],"predecessor-version":[{"id":1521,"href":"https:\/\/ingencylive.com\/es\/wp-json\/wp\/v2\/pages\/1298\/revisions\/1521"}],"wp:attachment":[{"href":"https:\/\/ingencylive.com\/es\/wp-json\/wp\/v2\/media?parent=1298"}],"curies":[{"name":"wp","href":"https:\/\/api.w.org\/{rel}","templated":true}]}}