{"id":3,"date":"2024-11-15T11:36:28","date_gmt":"2024-11-15T10:36:28","guid":{"rendered":"https:\/\/ingencylive.com\/?page_id=3"},"modified":"2025-05-19T17:32:19","modified_gmt":"2025-05-19T15:32:19","slug":"politique-de-confidentialite","status":"publish","type":"page","link":"https:\/\/ingencylive.com\/en\/politique-de-confidentialite\/","title":{"rendered":"Privacy policy"},"content":{"rendered":"\t\t<div data-elementor-type=\"wp-page\" data-elementor-id=\"3\" class=\"elementor elementor-3\">\n\t\t\t\t\t\t<section class=\"elementor-section elementor-top-section elementor-element elementor-element-2660d9fb elementor-section-boxed elementor-section-height-default elementor-section-height-default wpr-particle-no wpr-jarallax-no wpr-parallax-no wpr-sticky-section-no\" data-id=\"2660d9fb\" data-element_type=\"section\">\n\t\t\t\t\t\t<div class=\"elementor-container elementor-column-gap-default\">\n\t\t\t\t\t<div class=\"aux-parallax-section elementor-column elementor-col-100 elementor-top-column elementor-element elementor-element-13dcfd5c\" data-id=\"13dcfd5c\" data-element_type=\"column\">\n\t\t\t<div class=\"elementor-widget-wrap elementor-element-populated\">\n\t\t\t\t\t\t<div class=\"elementor-element elementor-element-5ba3c82b elementor-widget elementor-widget-text-editor\" data-id=\"5ba3c82b\" data-element_type=\"widget\" data-widget_type=\"text-editor.default\">\n\t\t\t\t<div class=\"elementor-widget-container\">\n\t\t\t\t\t\t\t\t\t<p><\/p>\n<p><strong>Politique de Confidentialit\u00e9<\/strong><\/p>\n<p><\/p>\n<p><strong>Derni\u00e8re mise \u00e0 jour : [ 19\/05\/2025 ]<\/strong><\/p>\n<p><\/p>\n<p><\/p>\n<h2 class=\"wp-block-heading\">H\u00e9bergement &amp; d\u00e9veloppement web<\/h2>\n<p><\/p>\n<p>H\u00e9bergement : OVH\u00a0<br \/>2 rue Kellermann \u2013 BP 80157 59053 ROUBAIX CEDEX 1<\/p>\n<p><\/p>\n<p>T\u00e9l\u00e9phone : 08 203 203 63 ( 0.118 \u20ac\/mn) \u2013 Fax : + 33 (0) 3 20 20 09 58 \u2013 Site Internet : www.ovh.com &#8211; Hotline : http:\/\/ovh.com\/fr\/contact\/support\/<br \/>SAS au capital de 10 000 000 \u20ac RCS Roubaix \u2013 Tourcoing 424 761 419 00045 \u2013 Code APE 6202A &#8211; N\u00b0 TVA : FR 22 424 761 419<\/p>\n<p><\/p>\n<p>D\u00e9veloppement :\u00a0<\/p>\n<p><\/p>\n<p>Lumilin Web Solution<\/p>\n<p><\/p>\n<p>7 All\u00e9e des Arbousiers 83440 Fayence<br \/>France<br \/>Web : https:\/\/lumilin-websolution.fr<\/p>\n<p><\/p>\n<p>Conform\u00e9ment \u00e0 la loi n\u00b078-17 du 6 janvier 1978 modifi\u00e9e dite \u00ab informatique et libert\u00e9s \u00bb, l\u2019utilisateur dispose d\u2019un droit d\u2019acc\u00e8s et de rectification portant sur les donn\u00e9es le concernant. Ce droit s\u2019exerce par courrier ou par courriel \u00e0 l\u2019adresse suivante :<\/p>\n<p><\/p>\n<p>INGENCY GROUP<br \/>16 RUE DES HALLES<br \/>75 001 PARIS<\/p>\n<p><\/p>\n<p><strong>\u00c9diteur<\/strong><\/p>\n<p><\/p>\n<p><span class=\"wixui-rich-text__text\">Vous \u00eates actuellement connect\u00e9 au site web officiel de la soci\u00e9t\u00e9 INGENCY GROUP pour la France, Belgique, Italie, Espagne, Suisse, Luxembourg et Moyen Orient.<\/span><\/p>\n<p><\/p>\n<p>Le pr\u00e9sent site est la propri\u00e9t\u00e9 de la soci\u00e9t\u00e9 INGENCY GROUP, Soci\u00e9t\u00e9 \u00e0 Actions Simplifi\u00e9es au capital social de 1 000 \u20acuros, inscrite au registre du commerce et des soci\u00e9t\u00e9s de Paris sous le num\u00e9ro RCS 953 290 830 dont le si\u00e8ge social est situ\u00e9 :\u00a0<\/p>\n<p><\/p>\n<p>15 rue des Halles<br \/>75001 PARIS 1er<\/p>\n<p><\/p>\n<p>\u00a0<\/p>\n<p><\/p>\n<p>Aucune plainte, d\u00e9claration ou demande de conseil transmise par message internet ne sera prise en compte. Veuillez formuler vos demandes exclusivement par voie postale.<\/p>\n<p><\/p>\n<p>\u00a0<\/p>\n<p><\/p>\n<p>Acc\u00e8s au site internet<\/p>\n<p><\/p>\n<p>L\u2019utilisateur du pr\u00e9sent site reconna\u00eet disposer de la comp\u00e9tence et des moyens n\u00e9cessaires pour utiliser et acc\u00e9der \u00e0 ce site et avoir v\u00e9rifi\u00e9 que la configuration informatique utilis\u00e9e ne contient aucun virus et qu\u2019elle est en parfait \u00e9tat de fonctionnement.<\/p>\n<p><\/p>\n<p>L\u2019utilisateur reconna\u00eet avoir \u00e9t\u00e9 inform\u00e9 que le pr\u00e9sent site est accessible 24 heures sur 24 et 7 jours sur 7, \u00e0 l\u2019exception des cas de force majeure, difficult\u00e9s informatiques, difficult\u00e9s li\u00e9es \u00e0 la structure des r\u00e9seaux de communications ou difficult\u00e9s techniques.<\/p>\n<p><\/p>\n<p>La protection des donn\u00e9es personnelles sur le site<\/p>\n<p><\/p>\n<p>Messagerie :\u00a0<br \/>Les messages envoy\u00e9s sur le r\u00e9seau internet peuvent \u00eatre intercept\u00e9s. Ne divulguez pas d\u2019informations personnelles inutiles ou sensibles. Si vous souhaitez nous communiquer de telles informations, utilisez imp\u00e9rativement la voie postale.<\/p>\n<p><\/p>\n<p>Utilisation des formulaires :<br \/>L\u2019utilisateur est notamment inform\u00e9, conform\u00e9ment \u00e0 l\u2019article 27 de la loi Informatique, fichiers et libert\u00e9s du 6 janvier 1978, que les informations qu\u2019il communique en r\u00e9pondant s\u2019il le souhaite aux formulaires pr\u00e9sents sur le site permettent de r\u00e9pondre \u00e0 sa demande, et sont destin\u00e9es \u00e0 INGENCY GROUP, responsable du traitement, \u00e0 des fins de gestion administrative et commerciale ainsi que, sauf opposition de sa part, aux autres soci\u00e9t\u00e9s du groupe ou aux soci\u00e9t\u00e9s partenaires de INGENCY GROUP, qui pourront ainsi le contacter ou lui adresser leurs offres.<\/p>\n<p><\/p>\n<p>\u00a0<\/p>\n<p><\/p>\n<p>Si l\u2019utilisateur ne souhaite pas recevoir des informations ou des offres de INGENCY GROUP, d\u2019autres soci\u00e9t\u00e9s du groupe ou de soci\u00e9t\u00e9s partenaires, ou s\u2019il veut disposer d\u2019un droit d\u2019acc\u00e8s, de radiation et de rectification sur les donn\u00e9es personnelles le concernant , il peut \u00e9crire \u00e0 :\u00a0<\/p>\n<p><\/p>\n<p>INGENCY GROUP<\/p>\n<p><\/p>\n<p>15 rue des Halles<br \/>75001 PARIS 1er<\/p>\n<p><\/p>\n<p>\u00a0<\/p>\n<p><\/p>\n<p>ou par mail \u00e0 :\u00a0<a href=\"mailto:contact@ingencylive.com\">contact@ingencylive.com<\/a><\/p>\n<p><\/p>\n<p>\u00a0<\/p>\n<p><\/p>\n<p>Informations nominatives diffus\u00e9es sur le site:<br \/>Les personnes concern\u00e9es ont \u00e9t\u00e9 inform\u00e9es de leurs droits. Le droit d\u2019acc\u00e8s est imm\u00e9diat sur le site. Le droit de rectification s\u2019exerce aupr\u00e8s de INGENCY GROUP.<\/p>\n<p><\/p>\n<p>Droit d\u2019auteur \u2013 Copyright<\/p>\n<p><\/p>\n<p>L\u2019utilisateur du pr\u00e9sent site est tenu de respecter les dispositions de la loi relative \u00e0 l\u2019Informatique, aux fichiers et aux libert\u00e9s, dont la violation est passible de sanctions p\u00e9nales.<\/p>\n<p><\/p>\n<p>Il doit notamment s\u2019abstenir, s\u2019agissant des informations nominatives auxquelles il acc\u00e8de, de toute collecte, de toute utilisation d\u00e9tourn\u00e9e, et d\u2019une mani\u00e8re g\u00e9n\u00e9rale, de tout acte susceptible de porter atteinte \u00e0 la vie priv\u00e9e ou \u00e0 la r\u00e9putation des personnes.<\/p>\n<p><\/p>\n<p>La structure g\u00e9n\u00e9rale, ainsi que les logiciels, textes, images anim\u00e9es ou non, son savoir faire, documents t\u00e9l\u00e9chargeables, les repr\u00e9sentations iconographiques et photographiques, et tous autres \u00e9l\u00e9ments composants le site sont la propri\u00e9t\u00e9 exclusive de INGENCY GROUP.<\/p>\n<p><\/p>\n<p>Toute repr\u00e9sentation totale ou partielle de ce site par quelque proc\u00e9d\u00e9 que ce soit, sans l\u2019autorisation expresse de INGENCY GROUP est interdite et constituerait une contrefa\u00e7on sanctionn\u00e9e par les articles L.335-2 et suivants du Code de la propri\u00e9t\u00e9 intellectuelle.<\/p>\n<p><\/p>\n<p>Il en est de m\u00eame des bases de donn\u00e9es figurant sur le site web, qui sont prot\u00e9g\u00e9es par les dispositions de la loi du 1er juillet 1998 portant transposition dans le Code de la propri\u00e9t\u00e9 intellectuelle de la directive europ\u00e9enne du 11 mars 1996 relative \u00e0 la protection juridique des bases de donn\u00e9es.<\/p>\n<p><\/p>\n<p>Toute reproduction totale ou partielle de ces marques ou de ces logos, effectu\u00e9e \u00e0 partir des \u00e9l\u00e9ments du site sans l\u2019autorisation expresse de INGENCY GROUP est donc prohib\u00e9e, au sens de l\u2019article L.713-2 du Code de la propri\u00e9t\u00e9 intellectuelle.<\/p>\n<p><\/p>\n<p>\u00a0<\/p>\n<p><\/p>\n<p>INGENCY GROUP met tout en \u0153uvre pour offrir aux utilisateurs des informations et\/ou des outils disponibles et v\u00e9rifi\u00e9s, mais ne saurait \u00eatre tenue pour responsable des erreurs, d\u2019une absence de disponibilit\u00e9 des informations et\/ou de la pr\u00e9sence de virus sur son site.<\/p>\n<p><\/p>\t\t\t\t\t\t\t\t<\/div>\n\t\t\t\t<\/div>\n\t\t\t\t\t<\/div>\n\t\t<\/div>\n\t\t\t\t\t<\/div>\n\t\t<\/section>\n\t\t\t\t<\/div>\n\t\t","protected":false},"excerpt":{"rendered":"<p>Politique de Confidentialit\u00e9 Derni\u00e8re mise \u00e0 jour : [ 19\/05\/2025 ] H\u00e9bergement &amp; d\u00e9veloppement web H\u00e9bergement : OVH\u00a02 rue Kellermann \u2013 BP 80157 59053 ROUBAIX CEDEX 1 T\u00e9l\u00e9phone : 08 203 203 63 ( 0.118 \u20ac\/mn) \u2013 Fax : + 33 (0) 3 20 20 09 58 \u2013 Site Internet : www.ovh.com &#8211; Hotline : http:\/\/ovh.com\/fr\/contact\/support\/SAS au capital de 10 000 000 \u20ac RCS Roubaix \u2013 Tourcoing 424 761 419 00045 \u2013 Code APE 6202A &#8211; N\u00b0 TVA : FR 22 424 761 419 D\u00e9veloppement :\u00a0 Lumilin Web Solution 7 All\u00e9e des Arbousiers 83440 FayenceFranceWeb : https:\/\/lumilin-websolution.fr Conform\u00e9ment \u00e0 la loi n\u00b078-17 du 6 janvier 1978 modifi\u00e9e dite \u00ab informatique et libert\u00e9s \u00bb, l\u2019utilisateur dispose d\u2019un droit d\u2019acc\u00e8s et de rectification portant sur les donn\u00e9es le concernant. Ce droit s\u2019exerce par courrier ou par courriel \u00e0 l\u2019adresse suivante : INGENCY GROUP16 RUE DES HALLES75 001 PARIS \u00c9diteur Vous \u00eates actuellement connect\u00e9 au site web officiel de la soci\u00e9t\u00e9 INGENCY GROUP pour la France, Belgique, Italie, Espagne, Suisse, Luxembourg et Moyen Orient. Le pr\u00e9sent site est la propri\u00e9t\u00e9 de la soci\u00e9t\u00e9 INGENCY GROUP, Soci\u00e9t\u00e9 \u00e0 Actions Simplifi\u00e9es au capital social de 1 000 \u20acuros, inscrite au registre du commerce et des soci\u00e9t\u00e9s de Paris sous le num\u00e9ro RCS 953 290 830 dont le si\u00e8ge social est situ\u00e9 :\u00a0 15 rue des Halles75001 PARIS 1er \u00a0 Aucune plainte, d\u00e9claration ou demande de conseil transmise par message internet ne sera prise en compte. Veuillez formuler vos demandes exclusivement par voie postale. \u00a0 Acc\u00e8s au site internet L\u2019utilisateur du pr\u00e9sent site reconna\u00eet disposer de la comp\u00e9tence et des moyens n\u00e9cessaires pour utiliser et acc\u00e9der \u00e0 ce site et avoir v\u00e9rifi\u00e9 que la configuration informatique utilis\u00e9e ne contient aucun virus et qu\u2019elle est en parfait \u00e9tat de fonctionnement. L\u2019utilisateur reconna\u00eet avoir \u00e9t\u00e9 inform\u00e9 que le pr\u00e9sent site est accessible 24 heures sur 24 et 7 jours sur 7, \u00e0 l\u2019exception des cas de force majeure, difficult\u00e9s informatiques, difficult\u00e9s li\u00e9es \u00e0 la structure des r\u00e9seaux de communications ou difficult\u00e9s techniques. La protection des donn\u00e9es personnelles sur le site Messagerie :\u00a0Les messages envoy\u00e9s sur le r\u00e9seau internet peuvent \u00eatre intercept\u00e9s. Ne divulguez pas d\u2019informations personnelles inutiles ou sensibles. Si vous souhaitez nous communiquer de telles informations, utilisez imp\u00e9rativement la voie postale. Utilisation des formulaires :L\u2019utilisateur est notamment inform\u00e9, conform\u00e9ment \u00e0 l\u2019article 27 de la loi Informatique, fichiers et libert\u00e9s du 6 janvier 1978, que les informations qu\u2019il communique en r\u00e9pondant s\u2019il le souhaite aux formulaires pr\u00e9sents sur le site permettent de r\u00e9pondre \u00e0 sa demande, et sont destin\u00e9es \u00e0 INGENCY GROUP, responsable du traitement, \u00e0 des fins de gestion administrative et commerciale ainsi que, sauf opposition de sa part, aux autres soci\u00e9t\u00e9s du groupe ou aux soci\u00e9t\u00e9s partenaires de INGENCY GROUP, qui pourront ainsi le contacter ou lui adresser leurs offres. \u00a0 Si l\u2019utilisateur ne souhaite pas recevoir des informations ou des offres de INGENCY GROUP, d\u2019autres soci\u00e9t\u00e9s du groupe ou de soci\u00e9t\u00e9s partenaires, ou s\u2019il veut disposer d\u2019un droit d\u2019acc\u00e8s, de radiation et de rectification sur les donn\u00e9es personnelles le concernant , il peut \u00e9crire \u00e0 :\u00a0 INGENCY GROUP 15 rue des Halles75001 PARIS 1er \u00a0 ou par mail \u00e0 :\u00a0contact@ingencylive.com \u00a0 Informations nominatives diffus\u00e9es sur le site:Les personnes concern\u00e9es ont \u00e9t\u00e9 inform\u00e9es de leurs droits. Le droit d\u2019acc\u00e8s est imm\u00e9diat sur le site. Le droit de rectification s\u2019exerce aupr\u00e8s de INGENCY GROUP. Droit d\u2019auteur \u2013 Copyright L\u2019utilisateur du pr\u00e9sent site est tenu de respecter les dispositions de la loi relative \u00e0 l\u2019Informatique, aux fichiers et aux libert\u00e9s, dont la violation est passible de sanctions p\u00e9nales. Il doit notamment s\u2019abstenir, s\u2019agissant des informations nominatives auxquelles il acc\u00e8de, de toute collecte, de toute utilisation d\u00e9tourn\u00e9e, et d\u2019une mani\u00e8re g\u00e9n\u00e9rale, de tout acte susceptible de porter atteinte \u00e0 la vie priv\u00e9e ou \u00e0 la r\u00e9putation des personnes. La structure g\u00e9n\u00e9rale, ainsi que les logiciels, textes, images anim\u00e9es ou non, son savoir faire, documents t\u00e9l\u00e9chargeables, les repr\u00e9sentations iconographiques et photographiques, et tous autres \u00e9l\u00e9ments composants le site sont la propri\u00e9t\u00e9 exclusive de INGENCY GROUP. Toute repr\u00e9sentation totale ou partielle de ce site par quelque proc\u00e9d\u00e9 que ce soit, sans l\u2019autorisation expresse de INGENCY GROUP est interdite et constituerait une contrefa\u00e7on sanctionn\u00e9e par les articles L.335-2 et suivants du Code de la propri\u00e9t\u00e9 intellectuelle. Il en est de m\u00eame des bases de donn\u00e9es figurant sur le site web, qui sont prot\u00e9g\u00e9es par les dispositions de la loi du 1er juillet 1998 portant transposition dans le Code de la propri\u00e9t\u00e9 intellectuelle de la directive europ\u00e9enne du 11 mars 1996 relative \u00e0 la protection juridique des bases de donn\u00e9es. Toute reproduction totale ou partielle de ces marques ou de ces logos, effectu\u00e9e \u00e0 partir des \u00e9l\u00e9ments du site sans l\u2019autorisation expresse de INGENCY GROUP est donc prohib\u00e9e, au sens de l\u2019article L.713-2 du Code de la propri\u00e9t\u00e9 intellectuelle. \u00a0 INGENCY GROUP met tout en \u0153uvre pour offrir aux utilisateurs des informations et\/ou des outils disponibles et v\u00e9rifi\u00e9s, mais ne saurait \u00eatre tenue pour responsable des erreurs, d\u2019une absence de disponibilit\u00e9 des informations et\/ou de la pr\u00e9sence de virus sur son site.<\/p>\n","protected":false},"author":1,"featured_media":0,"parent":0,"menu_order":0,"comment_status":"closed","ping_status":"open","template":"","meta":{"footnotes":""},"class_list":["post-3","page","type-page","status-publish","hentry"],"_links":{"self":[{"href":"https:\/\/ingencylive.com\/en\/wp-json\/wp\/v2\/pages\/3","targetHints":{"allow":["GET"]}}],"collection":[{"href":"https:\/\/ingencylive.com\/en\/wp-json\/wp\/v2\/pages"}],"about":[{"href":"https:\/\/ingencylive.com\/en\/wp-json\/wp\/v2\/types\/page"}],"author":[{"embeddable":true,"href":"https:\/\/ingencylive.com\/en\/wp-json\/wp\/v2\/users\/1"}],"replies":[{"embeddable":true,"href":"https:\/\/ingencylive.com\/en\/wp-json\/wp\/v2\/comments?post=3"}],"version-history":[{"count":19,"href":"https:\/\/ingencylive.com\/en\/wp-json\/wp\/v2\/pages\/3\/revisions"}],"predecessor-version":[{"id":1524,"href":"https:\/\/ingencylive.com\/en\/wp-json\/wp\/v2\/pages\/3\/revisions\/1524"}],"wp:attachment":[{"href":"https:\/\/ingencylive.com\/en\/wp-json\/wp\/v2\/media?parent=3"}],"curies":[{"name":"wp","href":"https:\/\/api.w.org\/{rel}","templated":true}]}}