{"id":1298,"date":"2025-03-27T16:39:48","date_gmt":"2025-03-27T15:39:48","guid":{"rendered":"https:\/\/ingencylive.com\/?page_id=1298"},"modified":"2025-05-19T12:08:56","modified_gmt":"2025-05-19T10:08:56","slug":"mentions-legales","status":"publish","type":"page","link":"https:\/\/ingencylive.com\/en\/mentions-legales\/","title":{"rendered":"Mentions l\u00e9gales"},"content":{"rendered":"<div data-elementor-type=\"wp-page\" data-elementor-id=\"1298\" class=\"elementor elementor-1298\">\n\t\t\t\t\t\t<section class=\"elementor-section elementor-top-section elementor-element elementor-element-974699d elementor-section-boxed elementor-section-height-default elementor-section-height-default wpr-particle-no wpr-jarallax-no wpr-parallax-no wpr-sticky-section-no\" data-id=\"974699d\" data-element_type=\"section\">\n\t\t\t\t\t\t<div class=\"elementor-container elementor-column-gap-default\">\n\t\t\t\t\t<div class=\"aux-parallax-section elementor-column elementor-col-100 elementor-top-column elementor-element elementor-element-c906690\" data-id=\"c906690\" data-element_type=\"column\">\n\t\t\t<div class=\"elementor-widget-wrap elementor-element-populated\">\n\t\t\t\t\t\t<div class=\"elementor-element elementor-element-5c501d0 elementor-widget elementor-widget-text-editor\" data-id=\"5c501d0\" data-element_type=\"widget\" data-widget_type=\"text-editor.default\">\n\t\t\t\t<div class=\"elementor-widget-container\">\n\t\t\t\t\t\t\t\t\t<h2 class=\"font_0 wixui-rich-text__text\"><span class=\"wixui-rich-text__text\">Legal notices \u2013 GDPR<\/span><\/h2><div id=\"bgLayers_comp-lsbseeff\" class=\"MW5IWV\" data-hook=\"bgLayers\" data-motion-part=\"BG_LAYER comp-lsbseeff\"><div id=\"bgMedia_comp-lsbseeff\" class=\"VgO9Yg\" data-motion-part=\"BG_MEDIA comp-lsbseeff\">\u00a0<\/div><\/div><div class=\"\" data-mesh-id=\"comp-lsbseeffinlineContent\" data-testid=\"inline-content\"><div data-mesh-id=\"comp-lsbseeffinlineContent-gridContainer\" data-testid=\"mesh-container-content\"><div id=\"comp-lsbseefg\" class=\"HcOXKn c9GqVL QxJLC3 lq2cno YQcXTT comp-lsbseefg wixui-rich-text\" data-testid=\"richTextElement\"><p class=\"font_8 wixui-rich-text__text\"><strong><span class=\"wixui-rich-text__text\">Publisher<\/span><\/strong><\/p><p class=\"font_8 wixui-rich-text__text\"><span class=\"wixui-rich-text__text\">You are currently connected to the official website of INGENCY GROUP for France, Belgium, Italy, Spain, Switzerland, Luxembourg and the Middle East.<\/span><\/p><p class=\"font_8 wixui-rich-text__text\"><span class=\"wixui-rich-text__text\">This website is the property of INGENCY GROUP, a simplified joint stock company with a share capital of \u20ac1,000, registered in the Paris Trade and Companies Register under number RCS 953 290 830, whose registered office is located at:\u00a0<\/span><\/p><p class=\"font_8 wixui-rich-text__text\"><span class=\"wixui-rich-text__text\">15 rue des Halles<br class=\"wixui-rich-text__text\" \/>75001 PARIS 1er<\/span><\/p><p class=\"font_8 wixui-rich-text__text\"><span class=\"wixGuard wixui-rich-text__text\">\u200b<\/span><\/p><p class=\"font_8 wixui-rich-text__text\"><span class=\"wixui-rich-text__text\">No complaints, statements or requests for advice sent via internet messages will be considered. Please send your requests by post only.<\/span><\/p><p class=\"font_8 wixui-rich-text__text\"><span class=\"wixui-rich-text__text\"><span class=\"wixGuard wixui-rich-text__text\">\u200b<\/span><\/span><\/p><p class=\"font_8 wixui-rich-text__text\"><strong><span class=\"wixui-rich-text__text\">Access to the website<\/span><\/strong><\/p><p class=\"font_8 wixui-rich-text__text\"><span class=\"wixui-rich-text__text\">Users of this website acknowledge that they have the necessary skills and means to use and access this website and have verified that the computer configuration used does not contain any viruses and is in perfect working order.<\/span><\/p><p class=\"font_8 wixui-rich-text__text\"><span class=\"wixui-rich-text__text\">The user acknowledges having been informed that this website is accessible 24 hours a day, 7 days a week, except in cases of force majeure, computer difficulties, difficulties related to the structure of communication networks or technical difficulties.<\/span><\/p><p class=\"font_8 wixui-rich-text__text\"><strong><span class=\"wixui-rich-text__text\">Protection of personal data on the website<\/span><\/strong><\/p><p class=\"font_8 wixui-rich-text__text\"><span class=\"wixui-rich-text__text\">Messaging:\u00a0<br class=\"wixui-rich-text__text\" \/>Messages sent over the internet may be intercepted. Do not disclose unnecessary or sensitive personal information. If you wish to provide us with such information, please do so by post.<\/span><\/p><p class=\"font_8 wixui-rich-text__text\"><span class=\"wixui-rich-text__text\">Use of forms:<br class=\"wixui-rich-text__text\" \/>The user is informed, in accordance with Article 27 of the French Data Protection Act of 6 January 1978, that the information they provide when responding to the forms on the website, if they choose to do so, will be used to respond to their request and is intended for INGENCY GROUP, the data controller, for administrative and commercial purposes and, unless they object, to other companies within the INGENCY GROUP or to INGENCY GROUP's partner companies, which may then contact them or send them offers.<\/span><\/p><p class=\"font_8 wixui-rich-text__text\"><span class=\"wixui-rich-text__text\"><span class=\"wixGuard wixui-rich-text__text\">\u200b<\/span><\/span><\/p><p class=\"font_8 wixui-rich-text__text\"><span class=\"wixui-rich-text__text\">If the user does not wish to receive information or offers from INGENCY GROUP, other companies in the group or partner companies, or if they wish to exercise their right to access, delete or rectify their personal data, they may write to:\u00a0<\/span><\/p><p class=\"font_8 wixui-rich-text__text\"><span class=\"wixui-rich-text__text\">INGENCY GROUP<\/span><\/p><p class=\"font_8 wixui-rich-text__text\"><span class=\"wixui-rich-text__text\">15 rue des Halles<br class=\"wixui-rich-text__text\" \/>75001 PARIS 1er<\/span><\/p><p class=\"font_8 wixui-rich-text__text\"><span class=\"wixui-rich-text__text\"><span class=\"wixGuard wixui-rich-text__text\">\u200b<\/span><\/span><span class=\"wixui-rich-text__text\">or by email to:\u00a0<a class=\"wixui-rich-text__text\" href=\"mailto:contact@ingencylive.com\" target=\"_self\">contact@ingencylive.com<\/a><\/span><\/p><p class=\"font_8 wixui-rich-text__text\"><span class=\"wixui-rich-text__text\"><span class=\"wixGuard wixui-rich-text__text\">\u200b<\/span><\/span><\/p><p class=\"font_8 wixui-rich-text__text\"><span class=\"wixui-rich-text__text\">Personal information published on the website:<br class=\"wixui-rich-text__text\" \/>The individuals concerned have been informed of their rights. The right of access is immediate on the website. The right to rectification may be exercised by contacting INGENCY GROUP.<\/span><\/p><p class=\"font_8 wixui-rich-text__text\"><strong><span class=\"wixui-rich-text__text\">Copyright<\/span><\/strong><\/p><p class=\"font_8 wixui-rich-text__text\"><span class=\"wixui-rich-text__text\">Users of this website are required to comply with the provisions of the French Data Protection Act, violation of which is punishable by criminal penalties.<\/span><\/p><p class=\"font_8 wixui-rich-text__text\"><span class=\"wixui-rich-text__text\">In particular, they must refrain from collecting or misusing any personal information to which they have access and, in general, from any action that could infringe on the privacy or reputation of individuals.<\/span><\/p><p class=\"font_8 wixui-rich-text__text\"><span class=\"wixui-rich-text__text\">The general structure, as well as the software, texts, animated or non-animated images, know-how, downloadable documents, iconographic and photographic representations, and all other elements comprising the website are the exclusive property of INGENCY GROUP.<\/span><\/p><p class=\"font_8 wixui-rich-text__text\"><span class=\"wixui-rich-text__text\">Any total or partial representation of this website by any means whatsoever without the express authorisation of INGENCY GROUP is prohibited and constitutes an infringement punishable under Articles L.335-2 et seq. of the Intellectual Property Code.<\/span><\/p><p class=\"font_8 wixui-rich-text__text\"><span class=\"wixui-rich-text__text\">The same applies to the databases appearing on the website, which are protected by the provisions of the law of 1 July 1998 transposing into the Intellectual Property Code the European Directive of 11 March 1996 on the legal protection of databases.<\/span><\/p><p class=\"font_8 wixui-rich-text__text\"><span class=\"wixui-rich-text__text\">Any total or partial reproduction of these trademarks or logos, made from elements of the website without the express authorisation of INGENCY GROUP, is therefore prohibited, within the meaning of Article L.713-2 of the Intellectual Property Code.<\/span><\/p><p class=\"font_8 wixui-rich-text__text\"><span class=\"wixGuard wixui-rich-text__text\">\u200b<\/span><\/p><p class=\"font_8 wixui-rich-text__text\"><span class=\"wixui-rich-text__text\">INGENCY GROUP makes every effort to provide users with information and\/or tools that are available and verified, but cannot be held responsible for errors, lack of availability of information and\/or the presence of viruses on its website.<\/span><\/p><\/div><\/div><\/div>\t\t\t\t\t\t\t\t<\/div>\n\t\t\t\t<\/div>\n\t\t\t\t\t<\/div>\n\t\t<\/div>\n\t\t\t\t\t<\/div>\n\t\t<\/section>\n\t\t\t\t<\/div>","protected":false},"excerpt":{"rendered":"<p>Mentions l\u00e9gales &#8211; RGPD \u00a0 \u00c9diteur Vous \u00eates actuellement connect\u00e9 au site web officiel de la soci\u00e9t\u00e9 INGENCY GROUP pour la France, Belgique, Italie, Espagne, Suisse, Luxembourg et Moyen Orient. Le pr\u00e9sent site est la propri\u00e9t\u00e9 de la soci\u00e9t\u00e9 INGENCY GROUP, Soci\u00e9t\u00e9 \u00e0 Actions Simplifi\u00e9es au capital social de 1 000 \u20acuros, inscrite au registre du commerce et des soci\u00e9t\u00e9s de Paris sous le num\u00e9ro RCS 953 290 830 dont le si\u00e8ge social est situ\u00e9 :\u00a0 15 rue des Halles75001 PARIS 1er \u200b Aucune plainte, d\u00e9claration ou demande de conseil transmise par message internet ne sera prise en compte. Veuillez formuler vos demandes exclusivement par voie postale. \u200b Acc\u00e8s au site internet L\u2019utilisateur du pr\u00e9sent site reconna\u00eet disposer de la comp\u00e9tence et des moyens n\u00e9cessaires pour utiliser et acc\u00e9der \u00e0 ce site et avoir v\u00e9rifi\u00e9 que la configuration informatique utilis\u00e9e ne contient aucun virus et qu\u2019elle est en parfait \u00e9tat de fonctionnement. L\u2019utilisateur reconna\u00eet avoir \u00e9t\u00e9 inform\u00e9 que le pr\u00e9sent site est accessible 24 heures sur 24 et 7 jours sur 7, \u00e0 l\u2019exception des cas de force majeure, difficult\u00e9s informatiques, difficult\u00e9s li\u00e9es \u00e0 la structure des r\u00e9seaux de communications ou difficult\u00e9s techniques. La protection des donn\u00e9es personnelles sur le site Messagerie :\u00a0Les messages envoy\u00e9s sur le r\u00e9seau internet peuvent \u00eatre intercept\u00e9s. Ne divulguez pas d\u2019informations personnelles inutiles ou sensibles. Si vous souhaitez nous communiquer de telles informations, utilisez imp\u00e9rativement la voie postale. Utilisation des formulaires :L\u2019utilisateur est notamment inform\u00e9, conform\u00e9ment \u00e0 l\u2019article 27 de la loi Informatique, fichiers et libert\u00e9s du 6 janvier 1978, que les informations qu\u2019il communique en r\u00e9pondant s\u2019il le souhaite aux formulaires pr\u00e9sents sur le site permettent de r\u00e9pondre \u00e0 sa demande, et sont destin\u00e9es \u00e0 INGENCY GROUP, responsable du traitement, \u00e0 des fins de gestion administrative et commerciale ainsi que, sauf opposition de sa part, aux autres soci\u00e9t\u00e9s du groupe ou aux soci\u00e9t\u00e9s partenaires de INGENCY GROUP, qui pourront ainsi le contacter ou lui adresser leurs offres. \u200b Si l\u2019utilisateur ne souhaite pas recevoir des informations ou des offres de INGENCY GROUP, d\u2019autres soci\u00e9t\u00e9s du groupe ou de soci\u00e9t\u00e9s partenaires, ou s\u2019il veut disposer d\u2019un droit d\u2019acc\u00e8s, de radiation et de rectification sur les donn\u00e9es personnelles le concernant , il peut \u00e9crire \u00e0 :\u00a0 INGENCY GROUP 15 rue des Halles75001 PARIS 1er \u200bou par mail \u00e0 :\u00a0contact@ingencylive.com \u200b Informations nominatives diffus\u00e9es sur le site:Les personnes concern\u00e9es ont \u00e9t\u00e9 inform\u00e9es de leurs droits. Le droit d\u2019acc\u00e8s est imm\u00e9diat sur le site. Le droit de rectification s\u2019exerce aupr\u00e8s de INGENCY GROUP. Droit d\u2019auteur \u2013 Copyright L\u2019utilisateur du pr\u00e9sent site est tenu de respecter les dispositions de la loi relative \u00e0 l\u2019Informatique, aux fichiers et aux libert\u00e9s, dont la violation est passible de sanctions p\u00e9nales. Il doit notamment s\u2019abstenir, s\u2019agissant des informations nominatives auxquelles il acc\u00e8de, de toute collecte, de toute utilisation d\u00e9tourn\u00e9e, et d\u2019une mani\u00e8re g\u00e9n\u00e9rale, de tout acte susceptible de porter atteinte \u00e0 la vie priv\u00e9e ou \u00e0 la r\u00e9putation des personnes. La structure g\u00e9n\u00e9rale, ainsi que les logiciels, textes, images anim\u00e9es ou non, son savoir faire, documents t\u00e9l\u00e9chargeables, les repr\u00e9sentations iconographiques et photographiques, et tous autres \u00e9l\u00e9ments composants le site sont la propri\u00e9t\u00e9 exclusive de INGENCY GROUP. Toute repr\u00e9sentation totale ou partielle de ce site par quelque proc\u00e9d\u00e9 que ce soit, sans l\u2019autorisation expresse de INGENCY GROUP est interdite et constituerait une contrefa\u00e7on sanctionn\u00e9e par les articles L.335-2 et suivants du Code de la propri\u00e9t\u00e9 intellectuelle. Il en est de m\u00eame des bases de donn\u00e9es figurant sur le site web, qui sont prot\u00e9g\u00e9es par les dispositions de la loi du 1er juillet 1998 portant transposition dans le Code de la propri\u00e9t\u00e9 intellectuelle de la directive europ\u00e9enne du 11 mars 1996 relative \u00e0 la protection juridique des bases de donn\u00e9es. Toute reproduction totale ou partielle de ces marques ou de ces logos, effectu\u00e9e \u00e0 partir des \u00e9l\u00e9ments du site sans l\u2019autorisation expresse de INGENCY GROUP est donc prohib\u00e9e, au sens de l\u2019article L.713-2 du Code de la propri\u00e9t\u00e9 intellectuelle. \u200b INGENCY GROUP met tout en \u0153uvre pour offrir aux utilisateurs des informations et\/ou des outils disponibles et v\u00e9rifi\u00e9s, mais ne saurait \u00eatre tenue pour responsable des erreurs, d\u2019une absence de disponibilit\u00e9 des informations et\/ou de la pr\u00e9sence de virus sur son site.<\/p>","protected":false},"author":1,"featured_media":0,"parent":0,"menu_order":0,"comment_status":"closed","ping_status":"closed","template":"","meta":{"footnotes":""},"class_list":["post-1298","page","type-page","status-publish","hentry"],"_links":{"self":[{"href":"https:\/\/ingencylive.com\/en\/wp-json\/wp\/v2\/pages\/1298","targetHints":{"allow":["GET"]}}],"collection":[{"href":"https:\/\/ingencylive.com\/en\/wp-json\/wp\/v2\/pages"}],"about":[{"href":"https:\/\/ingencylive.com\/en\/wp-json\/wp\/v2\/types\/page"}],"author":[{"embeddable":true,"href":"https:\/\/ingencylive.com\/en\/wp-json\/wp\/v2\/users\/1"}],"replies":[{"embeddable":true,"href":"https:\/\/ingencylive.com\/en\/wp-json\/wp\/v2\/comments?post=1298"}],"version-history":[{"count":11,"href":"https:\/\/ingencylive.com\/en\/wp-json\/wp\/v2\/pages\/1298\/revisions"}],"predecessor-version":[{"id":1521,"href":"https:\/\/ingencylive.com\/en\/wp-json\/wp\/v2\/pages\/1298\/revisions\/1521"}],"wp:attachment":[{"href":"https:\/\/ingencylive.com\/en\/wp-json\/wp\/v2\/media?parent=1298"}],"curies":[{"name":"wp","href":"https:\/\/api.w.org\/{rel}","templated":true}]}}